{"id":34,"date":"2017-07-04T21:07:36","date_gmt":"2017-07-04T21:07:36","guid":{"rendered":"http:\/\/sellaband.com.ar\/index.php\/inbound-product\/"},"modified":"2017-11-30T16:41:25","modified_gmt":"2017-11-30T19:41:25","slug":"inbound-product","status":"publish","type":"page","link":"https:\/\/sellaband.com.ar\/","title":{"rendered":"Inicio"},"content":{"rendered":"<div id=\"pl-34\"  class=\"panel-layout\" ><div id=\"pg-34-0\"  class=\"panel-grid panel-has-style\" ><div class=\"siteorigin-panels-stretch row-justification-center scroll-menu-anchor panel-row-style panel-row-style-for-34-0\" style=\"margin-bottom: 0; \" data-stretch-type=\"full\" id=\"propiedades\" ><div id=\"pgc-34-0-0\"  class=\"panel-grid-cell\" ><div id=\"panel-34-0-0-0\" class=\"so-panel widget_inb-headline inbound-headline panel-first-child\" data-index=\"0\" ><div id=\"ws-1\" class=\"panel-widget-style panel-widget-style-for-34-0-0-0\" ><div id=\"widget_headline_1\" class=\"inbound-headline headline-no-decoration\"><h6 class=\"regular-title\">Nuestro Producto<\/h6><\/div><\/div><\/div><div id=\"panel-34-0-0-1\" class=\"so-panel widget_inb-divider inbound-divider\" data-index=\"1\" ><div class=\"panel-widget-style panel-widget-style-for-34-0-0-1\" ><hr id=\"widget_divider_1\" class=\"divider divider-solid align-center\"><\/div><\/div><div id=\"panel-34-0-0-2\" class=\"so-panel widget_inb-headline inbound-headline\" data-index=\"2\" ><div class=\"panel-widget-style panel-widget-style-for-34-0-0-2\" ><div id=\"widget_headline_2\" class=\"inbound-headline headline-no-decoration\"><h1 class=\"regular-title\">Propiedades<\/h1><\/div><\/div><\/div><div id=\"panel-34-0-0-3\" class=\"so-panel widget_inb-headline inbound-headline\" data-index=\"3\" ><div id=\"ws-2\" class=\"panel-widget-style panel-widget-style-for-34-0-0-3\" ><div id=\"widget_headline_3\" class=\"inbound-headline headline-no-decoration\"><h4 class=\"regular-sub-title\">Sellaband es una junta o banda selladora construida con espuma de polietileno finamente reticulado de c\u00e9lulas cerradas. Esta espuma no solo presenta excelentes propiedades mecanicas y quimicas, sino que constituye una alternativa frente a materiales tradicionales el EPDM (Etileno Propileno Dieno Monomero), el PU (Poliuretano) y el PVC (Policloruro de Vinilo). En su proceso de producci\u00f3n no se utilizan CFC (Clorofluorocarbonado), plastificantes, ni sustancias a base de materiales pesados.<\/h4><\/div><\/div><\/div><div id=\"panel-34-0-0-4\" class=\"so-panel widget_text panel-last-child\" data-index=\"4\" ><div class=\"panel-widget-style panel-widget-style-for-34-0-0-4\" >\t\t\t<div class=\"textwidget\"><p><b>Entre sus principales propiedades, se pueden destacar:\u00a0<\/b><\/p>\n<p>Excelente aislamiento y estanqueidad contra el aire, el agua y el polvo.<\/p>\n<p>Niveles de absorci\u00f3n de humedad y agua irrelevantes.<\/p>\n<p>Excelente resistencia qu\u00edmica y a UV.<\/p>\n<p>No contaminante.<\/p>\n<\/div>\n\t\t<\/div><\/div><\/div><\/div><\/div><div id=\"pg-34-1\"  class=\"panel-grid panel-has-style\" ><div class=\"siteorigin-panels-stretch row-justification-center scroll-menu-anchor panel-row-style panel-row-style-for-34-1\" style=\"margin-bottom: 0; \" data-stretch-type=\"full\" id=\"tipos\" ><div id=\"pgc-34-1-0\"  class=\"panel-grid-cell\" ><div id=\"panel-34-1-0-0\" class=\"so-panel widget_inb-headline inbound-headline panel-first-child\" data-index=\"5\" ><div id=\"ws-3\" class=\"panel-widget-style panel-widget-style-for-34-1-0-0\" ><div id=\"widget_headline_4\" class=\"inbound-headline headline-no-decoration\"><h6 class=\"regular-title\">FORMAS Y MODELOS<\/h6><\/div><\/div><\/div><div id=\"panel-34-1-0-1\" class=\"so-panel widget_inb-divider inbound-divider\" data-index=\"6\" ><div class=\"panel-widget-style panel-widget-style-for-34-1-0-1\" ><hr id=\"widget_divider_2\" class=\"divider divider-solid align-center\"><\/div><\/div><div id=\"panel-34-1-0-2\" class=\"so-panel widget_inb-headline inbound-headline\" data-index=\"7\" ><div class=\"panel-widget-style panel-widget-style-for-34-1-0-2\" ><div id=\"widget_headline_5\" class=\"inbound-headline headline-no-decoration\"><h1 class=\"regular-title\">Tipos de Juntas<\/h1><\/div><\/div><\/div><div id=\"panel-34-1-0-3\" class=\"so-panel widget_inb-headline inbound-headline panel-last-child\" data-index=\"8\" ><div id=\"ws-4\" class=\"panel-widget-style panel-widget-style-for-34-1-0-3\" ><div id=\"widget_headline_6\" class=\"inbound-headline headline-no-decoration\"><h4 class=\"regular-sub-title\">Conozca la variedad de modelos, medidas y cantidad por caja, todas con su exclusivo encastre.<\/h4><\/div><\/div><\/div><\/div><\/div><\/div><div id=\"pg-34-2\"  class=\"panel-grid panel-has-style\" ><div class=\"row-justification-left panel-row-style panel-row-style-for-34-2\" style=\"margin-bottom: 0; \" ><div id=\"pgc-34-2-0\"  class=\"panel-grid-cell\" ><div id=\"panel-34-2-0-0\" class=\"so-panel widget_inb-gallery inbound-gallery panel-first-child panel-last-child\" data-index=\"9\" ><div id=\"gallery-1\" class=\"gallery galleryid-34 gallery-columns-2 gallery-size-full\"  data-featherlight-gallery data-featherlight-filter=\"a\">\n<ul><li><a class=\"no-caption\" data-rel=\"gallery-34\" href='https:\/\/sellaband.com.ar\/wp-content\/uploads\/2017\/11\/t-01.jpg'><img loading=\"lazy\" decoding=\"async\" src=\"https:\/\/sellaband.com.ar\/wp-content\/uploads\/2017\/11\/t-01.jpg\" class=\"attachment-full size-full\" alt=\"junta trapezoidal\" \/><\/a><\/li><li><a class=\"no-caption\" data-rel=\"gallery-34\" href='https:\/\/sellaband.com.ar\/wp-content\/uploads\/2017\/11\/t02.jpg'><img loading=\"lazy\" decoding=\"async\" src=\"https:\/\/sellaband.com.ar\/wp-content\/uploads\/2017\/11\/t02.jpg\" class=\"attachment-full size-full\" alt=\"base y cumbrera\" \/><\/a><\/li><li><a class=\"no-caption\" data-rel=\"gallery-34\" href='https:\/\/sellaband.com.ar\/wp-content\/uploads\/2017\/11\/t03.jpg'><img loading=\"lazy\" decoding=\"async\" src=\"https:\/\/sellaband.com.ar\/wp-content\/uploads\/2017\/11\/t03.jpg\" class=\"attachment-full size-full\" alt=\"exclusivo encastre\" \/><\/a><\/li><li><a class=\"no-caption\" data-rel=\"gallery-34\" href='https:\/\/sellaband.com.ar\/wp-content\/uploads\/2017\/11\/t04.jpg'><img loading=\"lazy\" decoding=\"async\" src=\"https:\/\/sellaband.com.ar\/wp-content\/uploads\/2017\/11\/t04.jpg\" class=\"attachment-full size-full\" alt=\"junta trapezoidal\" \/><\/a><\/li><\/ul><\/div>\n<\/div><\/div><div id=\"pgc-34-2-1\"  class=\"panel-grid-cell\" ><div id=\"panel-34-2-1-0\" class=\"so-panel widget_inb-headline inbound-headline panel-first-child\" data-index=\"10\" ><div id=\"ws-5\" class=\"panel-widget-style panel-widget-style-for-34-2-1-0\" ><div id=\"widget_headline_7\" class=\"inbound-headline headline-no-decoration\"><h6 class=\"regular-title\">TIPO 1<\/h6><\/div><\/div><\/div><div id=\"panel-34-2-1-1\" class=\"so-panel widget_inb-divider inbound-divider\" data-index=\"11\" ><div class=\"panel-widget-style panel-widget-style-for-34-2-1-1\" ><hr id=\"widget_divider_3\" class=\"divider divider-solid align-left\"><\/div><\/div><div id=\"panel-34-2-1-2\" class=\"so-panel widget_inb-headline inbound-headline\" data-index=\"12\" ><div class=\"panel-widget-style panel-widget-style-for-34-2-1-2\" ><div id=\"widget_headline_8\" class=\"inbound-headline headline-no-decoration\"><h3 class=\"regular-title\">TRAPEZOIDAL (Base y Cumbrera)<\/h3><\/div><\/div><\/div><div id=\"panel-34-2-1-3\" class=\"so-panel widget_text panel-last-child\" data-index=\"13\" ><div class=\"panel-widget-style panel-widget-style-for-34-2-1-3\" >\t\t\t<div class=\"textwidget\"><p><strong>Longitud<\/strong>: 1000 mm.<\/p>\n<p><strong>Cantidad por caja<\/strong>: 130 unidades de base o cumbrera.<\/p>\n<p><em>Exclusivo encastre<\/em><\/p>\n<\/div>\n\t\t<\/div><\/div><\/div><\/div><\/div><div id=\"pg-34-3\"  class=\"panel-grid panel-has-style\" ><div class=\"row-justification-left panel-row-style panel-row-style-for-34-3\" style=\"margin-bottom: 0; \" ><div id=\"pgc-34-3-0\"  class=\"panel-grid-cell\" ><div id=\"panel-34-3-0-0\" class=\"so-panel widget_inb-headline inbound-headline panel-first-child\" data-index=\"14\" ><div id=\"ws-6\" class=\"panel-widget-style panel-widget-style-for-34-3-0-0\" ><div id=\"widget_headline_9\" class=\"inbound-headline headline-no-decoration\"><h6 class=\"regular-title\">TIPO 2<\/h6><\/div><\/div><\/div><div id=\"panel-34-3-0-1\" class=\"so-panel widget_inb-divider inbound-divider\" data-index=\"15\" ><div class=\"panel-widget-style panel-widget-style-for-34-3-0-1\" ><hr id=\"widget_divider_4\" class=\"divider divider-solid align-left\"><\/div><\/div><div id=\"panel-34-3-0-2\" class=\"so-panel widget_inb-headline inbound-headline\" data-index=\"16\" ><div class=\"panel-widget-style panel-widget-style-for-34-3-0-2\" ><div id=\"widget_headline_10\" class=\"inbound-headline headline-no-decoration\"><h3 class=\"regular-title\">SINUSOIDAL<\/h3><\/div><\/div><\/div><div id=\"panel-34-3-0-3\" class=\"so-panel widget_text panel-last-child\" data-index=\"17\" ><div class=\"panel-widget-style panel-widget-style-for-34-3-0-3\" >\t\t\t<div class=\"textwidget\"><p><strong>Longitud<\/strong>: 1000 mm.<\/p>\n<p><strong>Cantidad por caja<\/strong>: 250 unidades.<\/p>\n<p><em>Exclusivo encastre<\/em><\/p>\n<\/div>\n\t\t<\/div><\/div><\/div><div id=\"pgc-34-3-1\"  class=\"panel-grid-cell\" ><div id=\"panel-34-3-1-0\" class=\"so-panel widget_inb-gallery inbound-gallery panel-first-child panel-last-child\" data-index=\"18\" ><div id=\"gallery-2\" class=\"gallery galleryid-34 gallery-columns-2 gallery-size-full\"  data-featherlight-gallery data-featherlight-filter=\"a\">\n<ul><li><a class=\"no-caption\" data-rel=\"gallery-34\" href='https:\/\/sellaband.com.ar\/wp-content\/uploads\/2017\/11\/s01.jpg'><img loading=\"lazy\" decoding=\"async\" src=\"https:\/\/sellaband.com.ar\/wp-content\/uploads\/2017\/11\/s01.jpg\" class=\"attachment-full size-full\" alt=\"Junta Sinusoidal\" \/><\/a><\/li><li><a class=\"no-caption\" data-rel=\"gallery-34\" href='https:\/\/sellaband.com.ar\/wp-content\/uploads\/2017\/11\/s02.jpg'><img loading=\"lazy\" decoding=\"async\" src=\"https:\/\/sellaband.com.ar\/wp-content\/uploads\/2017\/11\/s02.jpg\" class=\"attachment-full size-full\" alt=\"Junta Sinusoidal\" \/><\/a><\/li><li><a class=\"no-caption\" data-rel=\"gallery-34\" href='https:\/\/sellaband.com.ar\/wp-content\/uploads\/2017\/11\/s03.jpg'><img loading=\"lazy\" decoding=\"async\" src=\"https:\/\/sellaband.com.ar\/wp-content\/uploads\/2017\/11\/s03.jpg\" class=\"attachment-full size-full\" alt=\"Junta Sinusoidal\" \/><\/a><\/li><li><a class=\"no-caption\" data-rel=\"gallery-34\" href='https:\/\/sellaband.com.ar\/wp-content\/uploads\/2017\/11\/s04.jpg'><img loading=\"lazy\" decoding=\"async\" src=\"https:\/\/sellaband.com.ar\/wp-content\/uploads\/2017\/11\/s04.jpg\" class=\"attachment-full size-full\" alt=\"Exclusivo Encastre\" \/><\/a><\/li><\/ul><\/div>\n<\/div><\/div><\/div><\/div><div id=\"pg-34-4\"  class=\"panel-grid panel-has-style\" ><div class=\"row-justification-left panel-row-style panel-row-style-for-34-4\" style=\"margin-bottom: 0; \" ><div id=\"pgc-34-4-0\"  class=\"panel-grid-cell\" ><div id=\"panel-34-4-0-0\" class=\"so-panel widget_inb-gallery inbound-gallery panel-first-child panel-last-child\" data-index=\"19\" ><div id=\"gallery-3\" class=\"gallery galleryid-34 gallery-columns-2 gallery-size-full\"  data-featherlight-gallery data-featherlight-filter=\"a\">\n<ul><li><a class=\"no-caption\" data-rel=\"gallery-34\" href='https:\/\/sellaband.com.ar\/wp-content\/uploads\/2017\/11\/l01.jpg'><img loading=\"lazy\" decoding=\"async\" src=\"https:\/\/sellaband.com.ar\/wp-content\/uploads\/2017\/11\/l01.jpg\" class=\"attachment-full size-full\" alt=\"Juntas Lisas\" \/><\/a><\/li><li><a class=\"no-caption\" data-rel=\"gallery-34\" href='https:\/\/sellaband.com.ar\/wp-content\/uploads\/2017\/11\/l02.jpg'><img loading=\"lazy\" decoding=\"async\" src=\"https:\/\/sellaband.com.ar\/wp-content\/uploads\/2017\/11\/l02.jpg\" class=\"attachment-full size-full\" alt=\"Juntas Lisas\" \/><\/a><\/li><li><a class=\"no-caption\" data-rel=\"gallery-34\" href='https:\/\/sellaband.com.ar\/wp-content\/uploads\/2017\/11\/l03.jpg'><img loading=\"lazy\" decoding=\"async\" src=\"https:\/\/sellaband.com.ar\/wp-content\/uploads\/2017\/11\/l03.jpg\" class=\"attachment-full size-full\" alt=\"Juntas Lisas\" \/><\/a><\/li><li><a class=\"no-caption\" data-rel=\"gallery-34\" href='https:\/\/sellaband.com.ar\/wp-content\/uploads\/2017\/11\/l04.jpg'><img loading=\"lazy\" decoding=\"async\" src=\"https:\/\/sellaband.com.ar\/wp-content\/uploads\/2017\/11\/l04.jpg\" class=\"attachment-full size-full\" alt=\"Juntas Lisas\" \/><\/a><\/li><\/ul><\/div>\n<\/div><\/div><div id=\"pgc-34-4-1\"  class=\"panel-grid-cell\" ><div id=\"panel-34-4-1-0\" class=\"so-panel widget_inb-headline inbound-headline panel-first-child\" data-index=\"20\" ><div id=\"ws-7\" class=\"panel-widget-style panel-widget-style-for-34-4-1-0\" ><div id=\"widget_headline_11\" class=\"inbound-headline headline-no-decoration\"><h6 class=\"regular-title\">TIPO 3<\/h6><\/div><\/div><\/div><div id=\"panel-34-4-1-1\" class=\"so-panel widget_inb-divider inbound-divider\" data-index=\"21\" ><div class=\"panel-widget-style panel-widget-style-for-34-4-1-1\" ><hr id=\"widget_divider_5\" class=\"divider divider-solid align-left\"><\/div><\/div><div id=\"panel-34-4-1-2\" class=\"so-panel widget_inb-headline inbound-headline\" data-index=\"22\" ><div class=\"panel-widget-style panel-widget-style-for-34-4-1-2\" ><div id=\"widget_headline_12\" class=\"inbound-headline headline-no-decoration\"><h3 class=\"regular-title\">LISA<\/h3><\/div><\/div><\/div><div id=\"panel-34-4-1-3\" class=\"so-panel widget_text panel-last-child\" data-index=\"23\" ><div class=\"panel-widget-style panel-widget-style-for-34-4-1-3\" >\t\t\t<div class=\"textwidget\"><p>Las medidas de las tiras lisas abarcan en todos los casos el ancho de 25 mm. y el largo de 1000 mm.<\/p>\n<p>El espesor puede variar desde 10 mm. A 100 mm. En m\u00faltiplos de 10.<\/p>\n<\/div>\n\t\t<\/div><\/div><\/div><\/div><\/div><div id=\"pg-34-5\"  class=\"panel-grid panel-has-style\" ><div class=\"siteorigin-panels-stretch row-justification-left scroll-menu-anchor panel-row-style panel-row-style-for-34-5\" style=\"margin-bottom: 30px; \" data-stretch-type=\"full\" id=\"caracteristicas\" ><div id=\"pgc-34-5-0\"  class=\"panel-grid-cell\" ><div id=\"panel-34-5-0-0\" class=\"so-panel widget_inb-headline inbound-headline panel-first-child\" data-index=\"24\" ><div id=\"ws-8\" class=\"panel-widget-style panel-widget-style-for-34-5-0-0\" ><div id=\"widget_headline_13\" class=\"inbound-headline headline-no-decoration\"><h6 class=\"regular-title\">EN DETALLE<\/h6><\/div><\/div><\/div><div id=\"panel-34-5-0-1\" class=\"so-panel widget_inb-divider inbound-divider\" data-index=\"25\" ><div class=\"panel-widget-style panel-widget-style-for-34-5-0-1\" ><hr id=\"widget_divider_6\" class=\"divider divider-solid align-left\"><\/div><\/div><div id=\"panel-34-5-0-2\" class=\"so-panel widget_inb-headline inbound-headline\" data-index=\"26\" ><div class=\"panel-widget-style panel-widget-style-for-34-5-0-2\" ><div id=\"widget_headline_14\" class=\"inbound-headline headline-no-decoration\"><h2 class=\"regular-title\">Caracter\u00edsticas y Ventajas<\/h2><\/div><\/div><\/div><div id=\"panel-34-5-0-3\" class=\"so-panel widget_inb-icon-block inbound-icon-block\" data-index=\"27\" ><div class=\"panel-widget-style panel-widget-style-for-34-5-0-3\" ><div class=\"icon-block style-icon-left icon-size-1x widget_icon-block_1\"><div class=\"icon\"><i class=\"fa fa-check fa-1x\"><\/i><\/div><div class=\"icon-block-description\"><h4>Espuma de PE<\/h4><p>- Ligero, inerte, no se descompone. <br \/>\n- Ecol\u00f3gica y no contaminante.<\/p><\/div><\/div><\/div><\/div><div id=\"panel-34-5-0-4\" class=\"so-panel widget_inb-icon-block inbound-icon-block\" data-index=\"28\" ><div class=\"panel-widget-style panel-widget-style-for-34-5-0-4\" ><div class=\"icon-block style-icon-left icon-size-1x widget_icon-block_2\"><div class=\"icon\"><i class=\"fa fa-check fa-1x\"><\/i><\/div><div class=\"icon-block-description\"><h4>Espuma de C\u00e9lula Cerrada<\/h4><p>- Nivel de absorci\u00f3n de agua irrelevante. <br \/>\n- Aislamiento adecuado a bajos niveles de compresi\u00f3n.<br \/>\n- Excelente estanqueidad al agua y al polvo.<br \/>\n- El aislamiento t\u00e9rmico no se ve afectado por la humedad.\n<\/p><\/div><\/div><\/div><\/div><div id=\"panel-34-5-0-5\" class=\"so-panel widget_inb-icon-block inbound-icon-block\" data-index=\"29\" ><div class=\"panel-widget-style panel-widget-style-for-34-5-0-5\" ><div class=\"icon-block style-icon-left icon-size-1x widget_icon-block_3\"><div class=\"icon\"><i class=\"fa fa-check fa-1x\"><\/i><\/div><div class=\"icon-block-description\"><h4>Espuma Reticulada<\/h4><p>- Amplio \u00e1mbito de temperatura de trabajo.<br \/>\n- Estabilidad dimensional optimizada.<br \/>\n- Alta resistencia a productos qu\u00edmicos.<br \/>\n- Buena resistencia a la luz\/UV.<br \/>\n- Buena remanencia a la compresi\u00f3n.<\/p><\/div><\/div><\/div><\/div><div id=\"panel-34-5-0-6\" class=\"so-panel widget_inb-icon-block inbound-icon-block panel-last-child\" data-index=\"30\" ><div class=\"panel-widget-style panel-widget-style-for-34-5-0-6\" ><div class=\"icon-block style-icon-left icon-size-1x widget_icon-block_4\"><div class=\"icon\"><i class=\"fa fa-check fa-1x\"><\/i><\/div><div class=\"icon-block-description\"><h4>Estructura de C\u00e9lula Fina de Alta Calidad<\/h4><p>- Propiedades definidas y homog\u00e9neas.<br \/>\n- Aspecto agradable.\n<\/p><\/div><\/div><\/div><\/div><\/div><div id=\"pgc-34-5-1\"  class=\"panel-grid-cell\" ><div id=\"panel-34-5-1-0\" class=\"so-panel widget_inb-headline inbound-headline panel-first-child panel-last-child\" data-index=\"31\" ><div class=\"panel-widget-style panel-widget-style-for-34-5-1-0\" ><div id=\"widget_headline_15\" class=\"inbound-headline headline-no-decoration\"><h2 class=\"regular-title\">Mas ventajas<\/h2><h3 class=\"regular-sub-title\">Su delgada capa superficial, produce un acabado fino y natural. Como no requiere impregnaci\u00f3n de productos asf\u00e1lticos, es limpia, facilitando su manipulaci\u00f3n y aplicaci\u00f3n. Su exclusivo encastre evita la discontinuidad en la junta y facilita la colocaci\u00f3n.<\/h3><\/div><\/div><\/div><\/div><\/div><\/div><div id=\"pg-34-6\"  class=\"panel-grid panel-has-style\" ><div class=\"siteorigin-panels-stretch row-justification-center scroll-menu-anchor panel-row-style panel-row-style-for-34-6\" style=\"margin-bottom: 0; \" data-stretch-type=\"full\" id=\"aplicacion\" ><div id=\"pgc-34-6-0\"  class=\"panel-grid-cell\" ><div id=\"panel-34-6-0-0\" class=\"so-panel widget_inb-headline inbound-headline panel-first-child\" data-index=\"32\" ><div id=\"ws-9\" class=\"panel-widget-style panel-widget-style-for-34-6-0-0\" ><div id=\"widget_headline_16\" class=\"inbound-headline headline-no-decoration\"><h6 class=\"regular-title\">F\u00c1CIL Y R\u00c1PIDO<\/h6><\/div><\/div><\/div><div id=\"panel-34-6-0-1\" class=\"so-panel widget_inb-divider inbound-divider\" data-index=\"33\" ><div class=\"panel-widget-style panel-widget-style-for-34-6-0-1\" ><hr id=\"widget_divider_7\" class=\"divider divider-solid align-center\"><\/div><\/div><div id=\"panel-34-6-0-2\" class=\"so-panel widget_inb-headline inbound-headline\" data-index=\"34\" ><div class=\"panel-widget-style panel-widget-style-for-34-6-0-2\" ><div id=\"widget_headline_17\" class=\"inbound-headline headline-no-decoration\"><h2 class=\"regular-title\">Aplicaci\u00f3n<\/h2><\/div><\/div><\/div><div id=\"panel-34-6-0-3\" class=\"so-panel widget_inb-headline inbound-headline panel-last-child\" data-index=\"35\" ><div id=\"ws-10\" class=\"panel-widget-style panel-widget-style-for-34-6-0-3\" ><div id=\"widget_headline_18\" class=\"inbound-headline headline-no-decoration\"><h4 class=\"regular-sub-title\">Sellaband es un producto que puede ser utilizado en todos aquellos casos en que se necesite cubrir el espacio producido en las cubiertas met\u00e1licas, como consecuencia de las diferentes formas existentes en el mercado. Adem\u00e1s cumple su funci\u00f3n como junta de dilataci\u00f3n, antivibratoria y de asiento en los distintos sistemas de construcci\u00f3n.<\/h4><\/div><\/div><\/div><\/div><\/div><\/div><div id=\"pg-34-7\"  class=\"panel-grid panel-has-style\" ><div class=\"siteorigin-panels-stretch row-justification-center row-parallax panel-row-style panel-row-style-for-34-7\" style=\"margin-bottom: 0; background-size: cover;\" data-stretch-type=\"full-stretched\" data-top=\"background-position:0px 0%;\" data-300-bottom=\"background-position:0px 100%;\" ><div id=\"pgc-34-7-0\"  class=\"panel-grid-cell panel-grid-cell-empty\" ><\/div><\/div><\/div><div id=\"pg-34-8\"  class=\"panel-grid panel-has-style\" ><div class=\"siteorigin-panels-stretch row-justification-center scroll-menu-anchor panel-row-style panel-row-style-for-34-8\" style=\"margin-bottom: 0; background-attachment: fixed; background-size: cover; background-position:center;\" data-stretch-type=\"full\" id=\"contacto\" ><div id=\"pgc-34-8-0\"  class=\"panel-grid-cell\" ><div id=\"panel-34-8-0-0\" class=\"so-panel widget_inb-headline inbound-headline panel-first-child\" data-index=\"36\" ><div id=\"ws-11\" class=\"panel-widget-style panel-widget-style-for-34-8-0-0\" ><div id=\"widget_headline_19\" class=\"inbound-headline headline-no-decoration\"><h6 class=\"regular-title\">ESTAMOS AQU\u00cd PARA ASESORARLO<\/h6><\/div><\/div><\/div><div id=\"panel-34-8-0-1\" class=\"so-panel widget_inb-divider inbound-divider\" data-index=\"37\" ><div class=\"panel-widget-style panel-widget-style-for-34-8-0-1\" ><hr id=\"widget_divider_8\" class=\"divider divider-solid align-center\"><\/div><\/div><div id=\"panel-34-8-0-2\" class=\"so-panel widget_inb-headline inbound-headline\" data-index=\"38\" ><div class=\"panel-widget-style panel-widget-style-for-34-8-0-2\" ><div id=\"widget_headline_20\" class=\"inbound-headline headline-no-decoration\"><h2 class=\"regular-title\">Contacto<\/h2><\/div><\/div><\/div><div id=\"panel-34-8-0-3\" class=\"so-panel widget_inb-headline inbound-headline panel-last-child\" data-index=\"39\" ><div id=\"ws-12\" class=\"panel-widget-style panel-widget-style-for-34-8-0-3\" ><div id=\"widget_headline_21\" class=\"inbound-headline headline-no-decoration\"><h4 class=\"regular-sub-title\">Sientase libre de enviarnos su consulta. Le responderemos a la brevedad.<\/h4><\/div><\/div><\/div><\/div><\/div><\/div><div id=\"pg-34-9\"  class=\"panel-grid panel-has-style\" ><div class=\"row-justification-left panel-row-style panel-row-style-for-34-9\" style=\"margin-bottom: 0; \" ><div id=\"pgc-34-9-0\"  class=\"panel-grid-cell\" ><div id=\"panel-34-9-0-0\" class=\"so-panel widget_text panel-first-child panel-last-child\" data-index=\"40\" >\t\t\t<div class=\"textwidget\"><p>Nuestras oficinas se encuentran ubicadas en:<\/p>\n<p>Nogoy\u00e1 3633 Piso 6 Dpto. C<br \/>\nBuenos Aires, Argentina.<\/p>\n<p><strong>Tel\u00e9fono:<\/strong> 4580-2340<\/p>\n<p><strong>Email:<\/strong> <a href=\"mailto:info@sellaband.com.ar\">info@sellaband.com.ar<\/a><\/p>\n<p><strong>Horario de Atenci\u00f3n:<\/strong> De Lunes a Viernes de 10 hs. a 18 hs.<\/p>\n<\/div>\n\t\t<\/div><\/div><div id=\"pgc-34-9-1\"  class=\"panel-grid-cell\" ><div id=\"panel-34-9-1-0\" class=\"widget_text so-panel widget_custom_html panel-first-child panel-last-child\" data-index=\"41\" ><div class=\"textwidget custom-html-widget\">\n<div class=\"wpcf7 no-js\" id=\"wpcf7-f123-o1\" lang=\"es-AR\" dir=\"ltr\">\n<div class=\"screen-reader-response\"><p role=\"status\" aria-live=\"polite\" aria-atomic=\"true\"><\/p> <ul><\/ul><\/div>\n<form action=\"\/index.php\/wp-json\/wp\/v2\/pages\/34#wpcf7-f123-o1\" method=\"post\" class=\"wpcf7-form init\" aria-label=\"Formulario de contacto\" novalidate=\"novalidate\" data-status=\"init\">\n<div style=\"display: none;\">\n<input type=\"hidden\" name=\"_wpcf7\" value=\"123\" \/>\n<input type=\"hidden\" name=\"_wpcf7_version\" value=\"5.9.7\" \/>\n<input type=\"hidden\" name=\"_wpcf7_locale\" value=\"es_AR\" \/>\n<input type=\"hidden\" name=\"_wpcf7_unit_tag\" value=\"wpcf7-f123-o1\" \/>\n<input type=\"hidden\" name=\"_wpcf7_container_post\" value=\"0\" \/>\n<input type=\"hidden\" name=\"_wpcf7_posted_data_hash\" value=\"\" \/>\n<\/div>\n<p><label> Nombre (obligatorio)<br \/>\n<span class=\"wpcf7-form-control-wrap\" data-name=\"your-name\"><input size=\"40\" maxlength=\"400\" class=\"wpcf7-form-control wpcf7-text wpcf7-validates-as-required\" aria-required=\"true\" aria-invalid=\"false\" value=\"\" type=\"text\" name=\"your-name\" \/><\/span> <\/label>\n<\/p>\n<p><label> Correo electr\u00f3nico (obligatorio)<br \/>\n<span class=\"wpcf7-form-control-wrap\" data-name=\"your-email\"><input size=\"40\" maxlength=\"400\" class=\"wpcf7-form-control wpcf7-email wpcf7-validates-as-required wpcf7-text wpcf7-validates-as-email\" aria-required=\"true\" aria-invalid=\"false\" value=\"\" type=\"email\" name=\"your-email\" \/><\/span> <\/label>\n<\/p>\n<p><label> Tel\u00e9fono<br \/>\n<span class=\"wpcf7-form-control-wrap\" data-name=\"tel-447\"><input size=\"40\" maxlength=\"400\" class=\"wpcf7-form-control wpcf7-tel wpcf7-text wpcf7-validates-as-tel\" aria-invalid=\"false\" value=\"\" type=\"tel\" name=\"tel-447\" \/><\/span> <\/label>\n<\/p>\n<p><label> Mensaje<br \/>\n<span class=\"wpcf7-form-control-wrap\" data-name=\"your-message\"><textarea cols=\"40\" rows=\"10\" maxlength=\"2000\" class=\"wpcf7-form-control wpcf7-textarea\" aria-invalid=\"false\" name=\"your-message\"><\/textarea><\/span> <\/label>\n<\/p>\n<p><input class=\"wpcf7-form-control wpcf7-submit has-spinner\" type=\"submit\" value=\"Enviar\" \/>\n<\/p><div class=\"wpcf7-response-output\" aria-hidden=\"true\"><\/div>\n<\/form>\n<\/div>\n<\/div><\/div><\/div><\/div><\/div><\/div>","protected":false},"excerpt":{"rendered":"<p>Entre sus principales propiedades, se pueden destacar:\u00a0 Excelente aislamiento y estanqueidad contra el aire, el agua y el polvo. Niveles de absorci\u00f3n de humedad y<\/p>\n","protected":false},"author":1,"featured_media":0,"parent":0,"menu_order":0,"comment_status":"closed","ping_status":"closed","template":"","meta":{"footnotes":""},"class_list":["post-34","page","type-page","status-publish","hentry","even","last"],"_links":{"self":[{"href":"https:\/\/sellaband.com.ar\/index.php\/wp-json\/wp\/v2\/pages\/34"}],"collection":[{"href":"https:\/\/sellaband.com.ar\/index.php\/wp-json\/wp\/v2\/pages"}],"about":[{"href":"https:\/\/sellaband.com.ar\/index.php\/wp-json\/wp\/v2\/types\/page"}],"author":[{"embeddable":true,"href":"https:\/\/sellaband.com.ar\/index.php\/wp-json\/wp\/v2\/users\/1"}],"replies":[{"embeddable":true,"href":"https:\/\/sellaband.com.ar\/index.php\/wp-json\/wp\/v2\/comments?post=34"}],"version-history":[{"count":118,"href":"https:\/\/sellaband.com.ar\/index.php\/wp-json\/wp\/v2\/pages\/34\/revisions"}],"predecessor-version":[{"id":205,"href":"https:\/\/sellaband.com.ar\/index.php\/wp-json\/wp\/v2\/pages\/34\/revisions\/205"}],"wp:attachment":[{"href":"https:\/\/sellaband.com.ar\/index.php\/wp-json\/wp\/v2\/media?parent=34"}],"curies":[{"name":"wp","href":"https:\/\/api.w.org\/{rel}","templated":true}]}}